{"id":33,"date":"2025-02-06T19:32:49","date_gmt":"2025-02-06T19:32:49","guid":{"rendered":"https:\/\/calixtrovillarreal.actionlocalwebsites.com\/?page_id=33"},"modified":"2026-03-20T20:18:13","modified_gmt":"2026-03-20T20:18:13","slug":"contact-us","status":"publish","type":"page","link":"https:\/\/www.lawofficeofcalixtrovillarreal.com\/es\/contact-us\/","title":{"rendered":"Cont\u00e1ctenos"},"content":{"rendered":"<div data-elementor-type=\"wp-page\" data-elementor-id=\"33\" class=\"elementor elementor-33\" data-elementor-post-type=\"page\">\n\t\t\t\t<div class=\"elementor-element elementor-element-d9941ee e-flex e-con-boxed e-con e-parent\" data-id=\"d9941ee\" data-element_type=\"container\" data-e-type=\"container\" data-settings=\"{&quot;background_background&quot;:&quot;classic&quot;}\">\n\t\t\t\t\t<div class=\"e-con-inner\">\n\t\t\t\t<div class=\"elementor-element elementor-element-14cf9d9 elementor-widget elementor-widget-heading\" data-id=\"14cf9d9\" data-element_type=\"widget\" data-e-type=\"widget\" data-widget_type=\"heading.default\">\n\t\t\t\t<div class=\"elementor-widget-container\">\n\t\t\t\t\t<h2 class=\"elementor-heading-title elementor-size-default\">Cont\u00e1ctenos \u2013 Bufete de abogados Calixtro Villarreal<\/h2>\t\t\t\t<\/div>\n\t\t\t\t<\/div>\n\t\t\t\t<div class=\"elementor-element elementor-element-22bf4e9 elementor-widget elementor-widget-text-editor\" data-id=\"22bf4e9\" data-element_type=\"widget\" data-e-type=\"widget\" data-widget_type=\"text-editor.default\">\n\t\t\t\t<div class=\"elementor-widget-container\">\n\t\t\t\t\t\t\t\t\t<p>Brindamos servicios a clientes en todo Texas con experiencia confiable en defensa penal, desde nuestra oficina en Rio Grande City, TX.<\/p>\t\t\t\t\t\t\t\t<\/div>\n\t\t\t\t<\/div>\n\t\t\t\t<div class=\"elementor-element elementor-element-92d138b elementor-align-left elementor-widget elementor-widget-button\" data-id=\"92d138b\" data-element_type=\"widget\" data-e-type=\"widget\" data-widget_type=\"button.default\">\n\t\t\t\t<div class=\"elementor-widget-container\">\n\t\t\t\t\t\t\t\t\t<div class=\"elementor-button-wrapper\">\n\t\t\t\t\t<a class=\"elementor-button elementor-button-link elementor-size-sm\" href=\"tel:9564873739\">\n\t\t\t\t\t\t<span class=\"elementor-button-content-wrapper\">\n\t\t\t\t\t\t\t\t\t<span class=\"elementor-button-text\">Ll\u00e1manos: (956) 487-3739<\/span>\n\t\t\t\t\t<\/span>\n\t\t\t\t\t<\/a>\n\t\t\t\t<\/div>\n\t\t\t\t\t\t\t\t<\/div>\n\t\t\t\t<\/div>\n\t\t\t\t\t<\/div>\n\t\t\t\t<\/div>\n\t\t<div class=\"elementor-element elementor-element-ab95c26 e-flex e-con-boxed e-con e-parent\" data-id=\"ab95c26\" data-element_type=\"container\" data-e-type=\"container\">\n\t\t\t\t\t<div class=\"e-con-inner\">\n\t\t<div class=\"elementor-element elementor-element-5d507bf e-con-full e-flex e-con e-child\" data-id=\"5d507bf\" data-element_type=\"container\" data-e-type=\"container\">\n\t\t\t\t<div class=\"elementor-element elementor-element-8ce1a8f elementor-widget elementor-widget-text-editor\" data-id=\"8ce1a8f\" data-element_type=\"widget\" data-e-type=\"widget\" data-widget_type=\"text-editor.default\">\n\t\t\t\t<div class=\"elementor-widget-container\">\n\t\t\t\t\t\t\t\t\t<h3 id=\"were-here-to-help-available-24-7\" tabindex=\"-1\" data-pos=\"61\"><strong data-pos=\"63\">Estamos aqu\u00ed para ayudar: disponibles las 24 horas, los 7 d\u00edas de la semana<\/strong><\/h3><p>Si necesita representaci\u00f3n legal experimentada para un caso de defensa penal o de lesiones personales, no espere: comun\u00edquese con la oficina legal de Calixtro Villarreal hoy mismo.\u00a0<\/p><p>Nuestro equipo est\u00e1 comprometido a proteger sus derechos y guiarlo a trav\u00e9s de cada paso del proceso legal con fe, integridad y dedicaci\u00f3n.<\/p>\t\t\t\t\t\t\t\t<\/div>\n\t\t\t\t<\/div>\n\t\t\t\t<\/div>\n\t\t<div class=\"elementor-element elementor-element-5dc29d1 e-con-full e-flex e-con e-child\" data-id=\"5dc29d1\" data-element_type=\"container\" data-e-type=\"container\">\n\t\t\t\t<div class=\"elementor-element elementor-element-83c258a elementor-widget elementor-widget-image\" data-id=\"83c258a\" data-element_type=\"widget\" data-e-type=\"widget\" data-widget_type=\"image.default\">\n\t\t\t\t<div class=\"elementor-widget-container\">\n\t\t\t\t\t\t\t\t\t\t\t\t\t\t\t<img fetchpriority=\"high\" decoding=\"async\" width=\"800\" height=\"370\" src=\"https:\/\/cdn.actionlocalwebsites.com\/wp-content\/uploads\/sites\/260\/2025\/02\/06193900\/shutterstock_2478254633-1-1024x473.png\" class=\"attachment-large size-large wp-image-74\" alt=\"A happy lawyer sitting at a desk with a big smile\" srcset=\"https:\/\/cdn.actionlocalwebsites.com\/wp-content\/uploads\/sites\/260\/2025\/02\/06193900\/shutterstock_2478254633-1-1024x473.png 1024w, https:\/\/cdn.actionlocalwebsites.com\/wp-content\/uploads\/sites\/260\/2025\/02\/06193900\/shutterstock_2478254633-1-300x139.png 300w, https:\/\/cdn.actionlocalwebsites.com\/wp-content\/uploads\/sites\/260\/2025\/02\/06193900\/shutterstock_2478254633-1-768x355.png 768w, https:\/\/cdn.actionlocalwebsites.com\/wp-content\/uploads\/sites\/260\/2025\/02\/06193900\/shutterstock_2478254633-1.png 1280w\" sizes=\"(max-width: 800px) 100vw, 800px\" \/>\t\t\t\t\t\t\t\t\t\t\t\t\t\t\t<\/div>\n\t\t\t\t<\/div>\n\t\t\t\t<\/div>\n\t\t\t\t\t<\/div>\n\t\t\t\t<\/div>\n\t\t<div class=\"elementor-element elementor-element-52c8156 e-flex e-con-boxed e-con e-parent\" data-id=\"52c8156\" data-element_type=\"container\" data-e-type=\"container\">\n\t\t\t\t\t<div class=\"e-con-inner\">\n\t\t<div class=\"elementor-element elementor-element-6e98249 e-con-full e-flex e-con e-child\" data-id=\"6e98249\" data-element_type=\"container\" data-e-type=\"container\">\n\t\t<div class=\"elementor-element elementor-element-6456f86 e-con-full e-flex e-con e-child\" data-id=\"6456f86\" data-element_type=\"container\" data-e-type=\"container\">\n\t\t\t\t<div class=\"elementor-element elementor-element-ac5b794 elementor-view-default elementor-widget elementor-widget-icon\" data-id=\"ac5b794\" data-element_type=\"widget\" data-e-type=\"widget\" data-widget_type=\"icon.default\">\n\t\t\t\t<div class=\"elementor-widget-container\">\n\t\t\t\t\t\t\t<div class=\"elementor-icon-wrapper\">\n\t\t\t<div class=\"elementor-icon\">\n\t\t\t<svg aria-hidden=\"true\" class=\"e-font-icon-svg e-fas-map-marker-alt\" viewbox=\"0 0 384 512\" xmlns=\"http:\/\/www.w3.org\/2000\/svg\"><path d=\"M172.268 501.67C26.97 291.031 0 269.413 0 192 0 85.961 85.961 0 192 0s192 85.961 192 192c0 77.413-26.97 99.031-172.268 309.67-9.535 13.774-29.93 13.773-39.464 0zM192 272c44.183 0 80-35.817 80-80s-35.817-80-80-80-80 35.817-80 80 35.817 80 80 80z\"><\/path><\/svg>\t\t\t<\/div>\n\t\t<\/div>\n\t\t\t\t\t\t<\/div>\n\t\t\t\t<\/div>\n\t\t\t\t<div class=\"elementor-element elementor-element-b6a972f elementor-widget elementor-widget-text-editor\" data-id=\"b6a972f\" data-element_type=\"widget\" data-e-type=\"widget\" data-widget_type=\"text-editor.default\">\n\t\t\t\t<div class=\"elementor-widget-container\">\n\t\t\t\t\t\t\t\t\t<p>\u00a0<strong data-pos=\"3314\">Vis\u00edtanos:<\/strong>\u00a0<\/p><p>205 W Main St, Ciudad R\u00edo Grande, TX 78582<\/p>\t\t\t\t\t\t\t\t<\/div>\n\t\t\t\t<\/div>\n\t\t\t\t<\/div>\n\t\t<div class=\"elementor-element elementor-element-417d66b e-con-full e-flex e-con e-child\" data-id=\"417d66b\" data-element_type=\"container\" data-e-type=\"container\">\n\t\t\t\t<div class=\"elementor-element elementor-element-9224d8c elementor-view-default elementor-widget elementor-widget-icon\" data-id=\"9224d8c\" data-element_type=\"widget\" data-e-type=\"widget\" data-widget_type=\"icon.default\">\n\t\t\t\t<div class=\"elementor-widget-container\">\n\t\t\t\t\t\t\t<div class=\"elementor-icon-wrapper\">\n\t\t\t<div class=\"elementor-icon\">\n\t\t\t<svg aria-hidden=\"true\" class=\"e-font-icon-svg e-fas-phone-alt\" viewbox=\"0 0 512 512\" xmlns=\"http:\/\/www.w3.org\/2000\/svg\"><path d=\"M497.39 361.8l-112-48a24 24 0 0 0-28 6.9l-49.6 60.6A370.66 370.66 0 0 1 130.6 204.11l60.6-49.6a23.94 23.94 0 0 0 6.9-28l-48-112A24.16 24.16 0 0 0 122.6.61l-104 24A24 24 0 0 0 0 48c0 256.5 207.9 464 464 464a24 24 0 0 0 23.4-18.6l24-104a24.29 24.29 0 0 0-14.01-27.6z\"><\/path><\/svg>\t\t\t<\/div>\n\t\t<\/div>\n\t\t\t\t\t\t<\/div>\n\t\t\t\t<\/div>\n\t\t\t\t<div class=\"elementor-element elementor-element-a200e6e elementor-widget elementor-widget-text-editor\" data-id=\"a200e6e\" data-element_type=\"widget\" data-e-type=\"widget\" data-widget_type=\"text-editor.default\">\n\t\t\t\t<div class=\"elementor-widget-container\">\n\t\t\t\t\t\t\t\t\t<p><strong data-pos=\"3372\">Llama ahora:<\/strong>\u00a0<\/p><p><span style=\"color: #000000;\"><a style=\"color: #000000;\" href=\"tel:(956) 487-3739\">(956) 487-3739<\/a><\/span><\/p>\t\t\t\t\t\t\t\t<\/div>\n\t\t\t\t<\/div>\n\t\t\t\t<\/div>\n\t\t<div class=\"elementor-element elementor-element-b6108fe e-con-full e-flex e-con e-child\" data-id=\"b6108fe\" data-element_type=\"container\" data-e-type=\"container\">\n\t\t\t\t<div class=\"elementor-element elementor-element-e035c0d elementor-view-default elementor-widget elementor-widget-icon\" data-id=\"e035c0d\" data-element_type=\"widget\" data-e-type=\"widget\" data-widget_type=\"icon.default\">\n\t\t\t\t<div class=\"elementor-widget-container\">\n\t\t\t\t\t\t\t<div class=\"elementor-icon-wrapper\">\n\t\t\t<div class=\"elementor-icon\">\n\t\t\t<svg aria-hidden=\"true\" class=\"e-font-icon-svg e-fas-envelope\" viewbox=\"0 0 512 512\" xmlns=\"http:\/\/www.w3.org\/2000\/svg\"><path d=\"M502.3 190.8c3.9-3.1 9.7-.2 9.7 4.7V400c0 26.5-21.5 48-48 48H48c-26.5 0-48-21.5-48-48V195.6c0-5 5.7-7.8 9.7-4.7 22.4 17.4 52.1 39.5 154.1 113.6 21.1 15.4 56.7 47.8 92.2 47.6 35.7.3 72-32.8 92.3-47.6 102-74.1 131.6-96.3 154-113.7zM256 320c23.2.4 56.6-29.2 73.4-41.4 132.7-96.3 142.8-104.7 173.4-128.7 5.8-4.5 9.2-11.5 9.2-18.9v-19c0-26.5-21.5-48-48-48H48C21.5 64 0 85.5 0 112v19c0 7.4 3.4 14.3 9.2 18.9 30.6 23.9 40.7 32.4 173.4 128.7 16.8 12.2 50.2 41.8 73.4 41.4z\"><\/path><\/svg>\t\t\t<\/div>\n\t\t<\/div>\n\t\t\t\t\t\t<\/div>\n\t\t\t\t<\/div>\n\t\t\t\t<div class=\"elementor-element elementor-element-2ff09af elementor-widget elementor-widget-text-editor\" data-id=\"2ff09af\" data-element_type=\"widget\" data-e-type=\"widget\" data-widget_type=\"text-editor.default\">\n\t\t\t\t<div class=\"elementor-widget-container\">\n\t\t\t\t\t\t\t\t\t<p><strong data-pos=\"527\">Correo electr\u00f3nico:<\/strong><\/p><p class=\"p1\"><span style=\"color: #000000;\"><a style=\"color: #000000;\" href=\"mailto:cal_orlaw@hotmail.com\">Enviar correo electr\u00f3nico<\/a><\/span><\/p>\t\t\t\t\t\t\t\t<\/div>\n\t\t\t\t<\/div>\n\t\t\t\t<\/div>\n\t\t<div class=\"elementor-element elementor-element-1910385 e-con-full e-flex e-con e-child\" data-id=\"1910385\" data-element_type=\"container\" data-e-type=\"container\">\n\t\t\t\t<div class=\"elementor-element elementor-element-d163a4d elementor-view-default elementor-widget elementor-widget-icon\" data-id=\"d163a4d\" data-element_type=\"widget\" data-e-type=\"widget\" data-widget_type=\"icon.default\">\n\t\t\t\t<div class=\"elementor-widget-container\">\n\t\t\t\t\t\t\t<div class=\"elementor-icon-wrapper\">\n\t\t\t<div class=\"elementor-icon\">\n\t\t\t<svg aria-hidden=\"true\" class=\"e-font-icon-svg e-fas-clock\" viewbox=\"0 0 512 512\" xmlns=\"http:\/\/www.w3.org\/2000\/svg\"><path d=\"M256,8C119,8,8,119,8,256S119,504,256,504,504,393,504,256,393,8,256,8Zm92.49,313h0l-20,25a16,16,0,0,1-22.49,2.5h0l-67-49.72a40,40,0,0,1-15-31.23V112a16,16,0,0,1,16-16h32a16,16,0,0,1,16,16V256l58,42.5A16,16,0,0,1,348.49,321Z\"><\/path><\/svg>\t\t\t<\/div>\n\t\t<\/div>\n\t\t\t\t\t\t<\/div>\n\t\t\t\t<\/div>\n\t\t\t\t<div class=\"elementor-element elementor-element-703bd77 elementor-widget elementor-widget-text-editor\" data-id=\"703bd77\" data-element_type=\"widget\" data-e-type=\"widget\" data-widget_type=\"text-editor.default\">\n\t\t\t\t<div class=\"elementor-widget-container\">\n\t\t\t\t\t\t\t\t\t<p><strong data-pos=\"3404\">Horario de oficina:<\/strong>\u00a0<\/p><p>Lunes \u2013 Viernes | 8:00 a 17:00 horas<\/p>\t\t\t\t\t\t\t\t<\/div>\n\t\t\t\t<\/div>\n\t\t\t\t<\/div>\n\t\t\t\t<\/div>\n\t\t\t\t\t<\/div>\n\t\t\t\t<\/div>\n\t\t<div class=\"elementor-element elementor-element-451bb74 e-flex e-con-boxed e-con e-parent\" data-id=\"451bb74\" data-element_type=\"container\" data-e-type=\"container\">\n\t\t\t\t\t<div class=\"e-con-inner\">\n\t\t\t\t<div class=\"elementor-element elementor-element-d8b2a00 elementor-widget elementor-widget-text-editor\" data-id=\"d8b2a00\" data-element_type=\"widget\" data-e-type=\"widget\" data-widget_type=\"text-editor.default\">\n\t\t\t\t<div class=\"elementor-widget-container\">\n\t\t\t\t\t\t\t\t\t<p data-pos=\"611\"><strong data-pos=\"615\">Disponible 24 horas al d\u00eda, 7 d\u00edas a la semana para asuntos legales urgentes<\/strong><\/p><p data-pos=\"658\">\ud83d\udcac\u00a0<strong data-pos=\"663\">Programar una consulta:<\/strong><br data-pos=\"689\" \/>Complete el formulario de contacto a continuaci\u00f3n o ll\u00e1menos. Estamos aqu\u00ed para ayudarlo.\u00a0<strong data-pos=\"758\">Escuchar, apoyar y luchar por ti.<\/strong>.<\/p>\t\t\t\t\t\t\t\t<\/div>\n\t\t\t\t<\/div>\n\t\t\t\t<div class=\"elementor-element elementor-element-e473ae8 elementor-align-center elementor-widget elementor-widget-button\" data-id=\"e473ae8\" data-element_type=\"widget\" data-e-type=\"widget\" data-widget_type=\"button.default\">\n\t\t\t\t<div class=\"elementor-widget-container\">\n\t\t\t\t\t\t\t\t\t<div class=\"elementor-button-wrapper\">\n\t\t\t\t\t<a class=\"elementor-button elementor-button-link elementor-size-sm\" href=\"tel:9564873739\">\n\t\t\t\t\t\t<span class=\"elementor-button-content-wrapper\">\n\t\t\t\t\t\t\t\t\t<span class=\"elementor-button-text\">Ll\u00e1manos: (956) 487-3739<\/span>\n\t\t\t\t\t<\/span>\n\t\t\t\t\t<\/a>\n\t\t\t\t<\/div>\n\t\t\t\t\t\t\t\t<\/div>\n\t\t\t\t<\/div>\n\t\t\t\t\t<\/div>\n\t\t\t\t<\/div>\n\t\t\t\t<\/div>","protected":false},"excerpt":{"rendered":"<p>Contact Us \u2013 Law Office of Calixtro Villarreal Serving clients across Texas with trusted criminal defense expertise, from our office in Rio Grande City, TX. Call us: (956) 487-3739 We\u2019re Here to Help \u2013 Available 24\/7 If you need\u00a0experienced legal representation\u00a0for a\u00a0criminal defense\u00a0or\u00a0personal injury case, don\u2019t wait \u2014 contact the Law Office of Calixtro Villarreal [&hellip;]<\/p>\n","protected":false},"author":3,"featured_media":0,"parent":0,"menu_order":0,"comment_status":"closed","ping_status":"closed","template":"elementor_header_footer","meta":{"footnotes":""},"class_list":["post-33","page","type-page","status-publish","hentry"],"yoast_head":"<!-- This site is optimized with the Yoast SEO plugin v27.3 - https:\/\/yoast.com\/product\/yoast-seo-wordpress\/ -->\n<title>Contact Us | Law Office of Calixtro Villarreal \u2013 Criminal &amp; Personal Injury Lawyer<\/title>\n<meta name=\"description\" content=\"Need legal help? Contact the Law Office of Calixtro Villarreal in Rio Grande City, TX. Call (956) 487-3739 for expert criminal defense and personal injury representation.\" \/>\n<meta name=\"robots\" content=\"index, follow, max-snippet:-1, max-image-preview:large, max-video-preview:-1\" \/>\n<link rel=\"canonical\" href=\"https:\/\/www.lawofficeofcalixtrovillarreal.com\/es\/contact-us\/\" \/>\n<meta property=\"og:locale\" content=\"es_MX\" \/>\n<meta property=\"og:type\" content=\"article\" \/>\n<meta property=\"og:title\" content=\"Contact Us | Law Office of Calixtro Villarreal \u2013 Criminal &amp; Personal Injury Lawyer\" \/>\n<meta property=\"og:description\" content=\"Need legal help? Contact the Law Office of Calixtro Villarreal in Rio Grande City, TX. Call (956) 487-3739 for expert criminal defense and personal injury representation.\" \/>\n<meta property=\"og:url\" content=\"https:\/\/www.lawofficeofcalixtrovillarreal.com\/es\/contact-us\/\" \/>\n<meta property=\"og:site_name\" content=\"Law Office of Calixtro Villarreal\" \/>\n<meta property=\"article:modified_time\" content=\"2026-03-20T20:18:13+00:00\" \/>\n<meta property=\"og:image\" content=\"https:\/\/calixtrovillarreal.actionlocalwebsites.com\/wp-content\/uploads\/sites\/260\/2025\/02\/shutterstock_2478254633-1-1024x473.png\" \/>\n<meta name=\"twitter:card\" content=\"summary_large_image\" \/>\n<meta name=\"twitter:label1\" content=\"Tiempo de lectura\" \/>\n\t<meta name=\"twitter:data1\" content=\"1 minuto\" \/>\n<script type=\"application\/ld+json\" class=\"yoast-schema-graph\">{\"@context\":\"https:\\\/\\\/schema.org\",\"@graph\":[{\"@type\":\"WebPage\",\"@id\":\"https:\\\/\\\/www.lawofficeofcalixtrovillarreal.com\\\/contact-us\\\/\",\"url\":\"https:\\\/\\\/www.lawofficeofcalixtrovillarreal.com\\\/contact-us\\\/\",\"name\":\"Contact Us | Law Office of Calixtro Villarreal \u2013 Criminal & Personal Injury Lawyer\",\"isPartOf\":{\"@id\":\"https:\\\/\\\/www.lawofficeofcalixtrovillarreal.com\\\/#website\"},\"primaryImageOfPage\":{\"@id\":\"https:\\\/\\\/www.lawofficeofcalixtrovillarreal.com\\\/contact-us\\\/#primaryimage\"},\"image\":{\"@id\":\"https:\\\/\\\/www.lawofficeofcalixtrovillarreal.com\\\/contact-us\\\/#primaryimage\"},\"thumbnailUrl\":\"https:\\\/\\\/calixtrovillarreal.actionlocalwebsites.com\\\/wp-content\\\/uploads\\\/sites\\\/260\\\/2025\\\/02\\\/shutterstock_2478254633-1-1024x473.png\",\"datePublished\":\"2025-02-06T19:32:49+00:00\",\"dateModified\":\"2026-03-20T20:18:13+00:00\",\"description\":\"Need legal help? Contact the Law Office of Calixtro Villarreal in Rio Grande City, TX. Call (956) 487-3739 for expert criminal defense and personal injury representation.\",\"breadcrumb\":{\"@id\":\"https:\\\/\\\/www.lawofficeofcalixtrovillarreal.com\\\/contact-us\\\/#breadcrumb\"},\"inLanguage\":\"es\",\"potentialAction\":[{\"@type\":\"ReadAction\",\"target\":[\"https:\\\/\\\/www.lawofficeofcalixtrovillarreal.com\\\/contact-us\\\/\"]}]},{\"@type\":\"ImageObject\",\"inLanguage\":\"es\",\"@id\":\"https:\\\/\\\/www.lawofficeofcalixtrovillarreal.com\\\/contact-us\\\/#primaryimage\",\"url\":\"https:\\\/\\\/calixtrovillarreal.actionlocalwebsites.com\\\/wp-content\\\/uploads\\\/sites\\\/260\\\/2025\\\/02\\\/shutterstock_2478254633-1-1024x473.png\",\"contentUrl\":\"https:\\\/\\\/calixtrovillarreal.actionlocalwebsites.com\\\/wp-content\\\/uploads\\\/sites\\\/260\\\/2025\\\/02\\\/shutterstock_2478254633-1-1024x473.png\"},{\"@type\":\"BreadcrumbList\",\"@id\":\"https:\\\/\\\/www.lawofficeofcalixtrovillarreal.com\\\/contact-us\\\/#breadcrumb\",\"itemListElement\":[{\"@type\":\"ListItem\",\"position\":1,\"name\":\"Home\",\"item\":\"https:\\\/\\\/www.lawofficeofcalixtrovillarreal.com\\\/\"},{\"@type\":\"ListItem\",\"position\":2,\"name\":\"Contact Us\"}]},{\"@type\":\"WebSite\",\"@id\":\"https:\\\/\\\/www.lawofficeofcalixtrovillarreal.com\\\/#website\",\"url\":\"https:\\\/\\\/www.lawofficeofcalixtrovillarreal.com\\\/\",\"name\":\"Law Office of Calixtro Villarreal\",\"description\":\"\",\"publisher\":{\"@id\":\"https:\\\/\\\/www.lawofficeofcalixtrovillarreal.com\\\/#organization\"},\"potentialAction\":[{\"@type\":\"SearchAction\",\"target\":{\"@type\":\"EntryPoint\",\"urlTemplate\":\"https:\\\/\\\/www.lawofficeofcalixtrovillarreal.com\\\/?s={search_term_string}\"},\"query-input\":{\"@type\":\"PropertyValueSpecification\",\"valueRequired\":true,\"valueName\":\"search_term_string\"}}],\"inLanguage\":\"es\"},{\"@type\":\"Organization\",\"@id\":\"https:\\\/\\\/www.lawofficeofcalixtrovillarreal.com\\\/#organization\",\"name\":\"Law Office of Calixtro Villarreal\",\"url\":\"https:\\\/\\\/www.lawofficeofcalixtrovillarreal.com\\\/\",\"logo\":{\"@type\":\"ImageObject\",\"inLanguage\":\"es\",\"@id\":\"https:\\\/\\\/www.lawofficeofcalixtrovillarreal.com\\\/#\\\/schema\\\/logo\\\/image\\\/\",\"url\":\"https:\\\/\\\/cdn.actionlocalwebsites.com\\\/wp-content\\\/uploads\\\/sites\\\/260\\\/2025\\\/02\\\/06193908\\\/cropped-image-1.png\",\"contentUrl\":\"https:\\\/\\\/cdn.actionlocalwebsites.com\\\/wp-content\\\/uploads\\\/sites\\\/260\\\/2025\\\/02\\\/06193908\\\/cropped-image-1.png\",\"width\":770,\"height\":361,\"caption\":\"Law Office of Calixtro Villarreal \"},\"image\":{\"@id\":\"https:\\\/\\\/www.lawofficeofcalixtrovillarreal.com\\\/#\\\/schema\\\/logo\\\/image\\\/\"}}]}<\/script>\n<!-- \/ Yoast SEO plugin. -->","yoast_head_json":{"title":"Cont\u00e1ctenos | Bufete de Calixtro Villarreal \u2013 Abogado de Lesiones Personales y Penales","description":"\u00bfNecesita ayuda legal? Contacte con el bufete de Calixtro Villarreal en Rio Grande City, Texas. Llame al (956) 487-3739 para obtener una defensa penal experta y representaci\u00f3n en casos de lesiones personales.","robots":{"index":"index","follow":"follow","max-snippet":"max-snippet:-1","max-image-preview":"max-image-preview:large","max-video-preview":"max-video-preview:-1"},"canonical":"https:\/\/www.lawofficeofcalixtrovillarreal.com\/es\/contact-us\/","og_locale":"es_MX","og_type":"article","og_title":"Contact Us | Law Office of Calixtro Villarreal \u2013 Criminal & Personal Injury Lawyer","og_description":"Need legal help? Contact the Law Office of Calixtro Villarreal in Rio Grande City, TX. Call (956) 487-3739 for expert criminal defense and personal injury representation.","og_url":"https:\/\/www.lawofficeofcalixtrovillarreal.com\/es\/contact-us\/","og_site_name":"Law Office of Calixtro Villarreal","article_modified_time":"2026-03-20T20:18:13+00:00","og_image":[{"url":"https:\/\/calixtrovillarreal.actionlocalwebsites.com\/wp-content\/uploads\/sites\/260\/2025\/02\/shutterstock_2478254633-1-1024x473.png","type":"","width":"","height":""}],"twitter_card":"summary_large_image","twitter_misc":{"Tiempo de lectura":"1 minuto"},"schema":{"@context":"https:\/\/schema.org","@graph":[{"@type":"WebPage","@id":"https:\/\/www.lawofficeofcalixtrovillarreal.com\/contact-us\/","url":"https:\/\/www.lawofficeofcalixtrovillarreal.com\/contact-us\/","name":"Cont\u00e1ctenos | Bufete de Calixtro Villarreal \u2013 Abogado de Lesiones Personales y Penales","isPartOf":{"@id":"https:\/\/www.lawofficeofcalixtrovillarreal.com\/#website"},"primaryImageOfPage":{"@id":"https:\/\/www.lawofficeofcalixtrovillarreal.com\/contact-us\/#primaryimage"},"image":{"@id":"https:\/\/www.lawofficeofcalixtrovillarreal.com\/contact-us\/#primaryimage"},"thumbnailUrl":"https:\/\/calixtrovillarreal.actionlocalwebsites.com\/wp-content\/uploads\/sites\/260\/2025\/02\/shutterstock_2478254633-1-1024x473.png","datePublished":"2025-02-06T19:32:49+00:00","dateModified":"2026-03-20T20:18:13+00:00","description":"\u00bfNecesita ayuda legal? Contacte con el bufete de Calixtro Villarreal en Rio Grande City, Texas. Llame al (956) 487-3739 para obtener una defensa penal experta y representaci\u00f3n en casos de lesiones personales.","breadcrumb":{"@id":"https:\/\/www.lawofficeofcalixtrovillarreal.com\/contact-us\/#breadcrumb"},"inLanguage":"es","potentialAction":[{"@type":"ReadAction","target":["https:\/\/www.lawofficeofcalixtrovillarreal.com\/contact-us\/"]}]},{"@type":"ImageObject","inLanguage":"es","@id":"https:\/\/www.lawofficeofcalixtrovillarreal.com\/contact-us\/#primaryimage","url":"https:\/\/calixtrovillarreal.actionlocalwebsites.com\/wp-content\/uploads\/sites\/260\/2025\/02\/shutterstock_2478254633-1-1024x473.png","contentUrl":"https:\/\/calixtrovillarreal.actionlocalwebsites.com\/wp-content\/uploads\/sites\/260\/2025\/02\/shutterstock_2478254633-1-1024x473.png"},{"@type":"BreadcrumbList","@id":"https:\/\/www.lawofficeofcalixtrovillarreal.com\/contact-us\/#breadcrumb","itemListElement":[{"@type":"ListItem","position":1,"name":"Home","item":"https:\/\/www.lawofficeofcalixtrovillarreal.com\/"},{"@type":"ListItem","position":2,"name":"Contact Us"}]},{"@type":"WebSite","@id":"https:\/\/www.lawofficeofcalixtrovillarreal.com\/#website","url":"https:\/\/www.lawofficeofcalixtrovillarreal.com\/","name":"Despacho de abogados Calixtro Villarreal","description":"","publisher":{"@id":"https:\/\/www.lawofficeofcalixtrovillarreal.com\/#organization"},"potentialAction":[{"@type":"SearchAction","target":{"@type":"EntryPoint","urlTemplate":"https:\/\/www.lawofficeofcalixtrovillarreal.com\/?s={search_term_string}"},"query-input":{"@type":"PropertyValueSpecification","valueRequired":true,"valueName":"search_term_string"}}],"inLanguage":"es"},{"@type":"Organization","@id":"https:\/\/www.lawofficeofcalixtrovillarreal.com\/#organization","name":"Despacho de abogados Calixtro Villarreal","url":"https:\/\/www.lawofficeofcalixtrovillarreal.com\/","logo":{"@type":"ImageObject","inLanguage":"es","@id":"https:\/\/www.lawofficeofcalixtrovillarreal.com\/#\/schema\/logo\/image\/","url":"https:\/\/cdn.actionlocalwebsites.com\/wp-content\/uploads\/sites\/260\/2025\/02\/06193908\/cropped-image-1.png","contentUrl":"https:\/\/cdn.actionlocalwebsites.com\/wp-content\/uploads\/sites\/260\/2025\/02\/06193908\/cropped-image-1.png","width":770,"height":361,"caption":"Law Office of Calixtro Villarreal "},"image":{"@id":"https:\/\/www.lawofficeofcalixtrovillarreal.com\/#\/schema\/logo\/image\/"}}]}},"_links":{"self":[{"href":"https:\/\/www.lawofficeofcalixtrovillarreal.com\/es\/wp-json\/wp\/v2\/pages\/33","targetHints":{"allow":["GET"]}}],"collection":[{"href":"https:\/\/www.lawofficeofcalixtrovillarreal.com\/es\/wp-json\/wp\/v2\/pages"}],"about":[{"href":"https:\/\/www.lawofficeofcalixtrovillarreal.com\/es\/wp-json\/wp\/v2\/types\/page"}],"author":[{"embeddable":true,"href":"https:\/\/www.lawofficeofcalixtrovillarreal.com\/es\/wp-json\/wp\/v2\/users\/3"}],"replies":[{"embeddable":true,"href":"https:\/\/www.lawofficeofcalixtrovillarreal.com\/es\/wp-json\/wp\/v2\/comments?post=33"}],"version-history":[{"count":19,"href":"https:\/\/www.lawofficeofcalixtrovillarreal.com\/es\/wp-json\/wp\/v2\/pages\/33\/revisions"}],"predecessor-version":[{"id":240,"href":"https:\/\/www.lawofficeofcalixtrovillarreal.com\/es\/wp-json\/wp\/v2\/pages\/33\/revisions\/240"}],"wp:attachment":[{"href":"https:\/\/www.lawofficeofcalixtrovillarreal.com\/es\/wp-json\/wp\/v2\/media?parent=33"}],"curies":[{"name":"gracias","href":"https:\/\/api.w.org\/{rel}","templated":true}]}}